{"id":294,"date":"2017-10-30T09:29:15","date_gmt":"2017-10-30T09:29:15","guid":{"rendered":"https:\/\/ceccarmaramures.ro\/ro\/?page_id=294"},"modified":"2025-08-19T15:35:29","modified_gmt":"2025-08-19T13:35:29","slug":"echivalarea-examenului-de-acces-la-stagiu","status":"publish","type":"page","link":"https:\/\/ceccarmaramures.ro\/ro\/membri\/cum-devin-membru-ceccar\/echivalarea-examenului-de-acces-la-stagiu\/","title":{"rendered":"Echivalarea examenului de acces la stagiu"},"content":{"rendered":"<section   class=\"fw-main-row  auto  fw-section-position-back\"    >\n\t\t\t<div class=\"fw-container\" >\n\t\t<div class=\"fw-row\">\n\t<div id=\"column-69e00d0c231d5\" class=\"fw-col-sm-12 tf-sh-4bf7de7076824fb4c351a6d1039d0743\" >\n\t<div class=\"fw-wrap-col-inner clearfix  \"   >\n\t\t\t\t<div class=\"fw-col-inner\">\n\t\t\t<div class=\"fw-text-box tf-sh-877a63ccffaffc9f825a828be48b90b9 \" >\n\t<div class=\"fw-text-inner\">\n\t\t<p><strong>Echivalarea examenului de acces la stagiu<\/strong><\/p>\n\t<\/div>\n<\/div><div class=\"fw-divider-space space-sm  clearfix\"  ><\/div><div class=\"tf-sh-435841a89aa1e8b5e1a52a967d0eb145 fw-tabs fw-tabs-minimal fw-tabs-top \" >\n\t<ul class=\"nav nav-tabs nav-justified\">\n\t\t\t\t\t<li class=\"active\">\n\t\t\t\t<a href=\"#tab-cont-435841a89aa1e8b5e1a52a967d0eb145-1\" data-toggle=\"tab\">\n\t\t\t\t\t\n\t\t\t\t\t\t\t\t\t\t<span>Con\u021binutul dosarului depus de facult\u0103\u021bile de profil<\/span>\n\t\t\t\t<\/a>\n\t\t\t<\/li>\n\t\t\t\t\t\t\t\t<li >\n\t\t\t\t<a href=\"#tab-cont-435841a89aa1e8b5e1a52a967d0eb145-2\" data-toggle=\"tab\">\n\t\t\t\t\t\n\t\t\t\t\t\t\t\t\t\t<span>Institu\u021biile de \u00eenv\u0103\u021b\u0103m\u00e2nt superior care au \u00eencheiat cu CECCAR protocoale de colaborare<\/span>\n\t\t\t\t<\/a>\n\t\t\t<\/li>\n\t\t\t\t\t\t\t\t<li >\n\t\t\t\t<a href=\"#tab-cont-435841a89aa1e8b5e1a52a967d0eb145-3\" data-toggle=\"tab\">\n\t\t\t\t\t\n\t\t\t\t\t\t\t\t\t\t<span>Con\u0163inutul dosarului de echivalare a examenului de admitere, categoria expert contabil<\/span>\n\t\t\t\t<\/a>\n\t\t\t<\/li>\n\t\t\t\t\t\t<\/ul>\n\n\t<div class=\"tab-content clearfix\">\n\t\t\t\t\t<div id=\"tab-cont-435841a89aa1e8b5e1a52a967d0eb145-1\"\n\t\t\t     class=\"tab-pane fade in active\">\n\t\t\t\t\n\t\t\t\t\t\t\t\t\t<header><div><div style=\"text-align: justify;\"><strong>Con\u0163inutul dosarelor \u00eenaintate de facult\u0103\u021bile de profil pentru analiz\u0103 \u015fi aprobare \u00een vederea \u00eencheierii protocolului colaborare, trebuie s\u0103 con\u0163in\u0103 \u00een principal urmatoarele documente:<\/strong><\/div><\/div><\/header><div id=\"main\"><section id=\"section-5c73fc96a7ba2\"><div id=\"column-b820cc773500f5c216a27358f8eb2519\"><p style=\"text-align: justify;\">1. Cererea facult\u0103\u0163ii de profil semnat\u0103 cel putin de catre Decanul, \u015eeful catedrei respectivei facult\u0103\u0163i precum \u015fi de c\u0103tre directorul cursului de master respectiv \u015fi eventual semnatura Rectorului Universit\u0103\u0163ii respective;<\/p><p style=\"text-align: justify;\">2. Dovada certificat\u0103 printr-un document oficial recunoscut potrivit legii \u00eenv\u0103\u0163\u0103m\u00e2ntului \u015fi a hot\u0103r\u00e2rilor de guvern emise \u00een aplicarea acestei legi, din care s\u0103 rezulte acreditarea pentru organizarea cursului de master de 2 ani;<\/p><p style=\"text-align: justify;\">3. Programul general al cursurilor pentru cei doi ani de master certificat \u015fi \u015ftampilat de Decanul facult\u0103tii \u015fi \u015feful masterului respectiv;<\/p><p style=\"text-align: justify;\">4. Fi\u015fele disciplinelor de la master cuprinz\u00e2nd scopul si rezultatele inv\u0103\u0163\u0103rii precum si con\u0163inutul detaliat al disciplinelor;<\/p><p style=\"text-align: justify;\">5. Corpul de cadre didactice cu men\u0163iunea titlului stiin\u0163ific, utilizat \u00een cadrul programului de master;<\/p><p style=\"text-align: justify;\">6. Metodele de predare utilizate pentru fiecare disciplin\u0103;<\/p><p style=\"text-align: justify;\">7. Bibliografia solicitat\u0103 pentru fiecare disciplin\u0103;<\/p><p style=\"text-align: justify;\">8. Modul de evaluare pentru fiecare disciplin\u0103, cu prezentarea separat\u0103 a examin\u0103rii scrise sau orale \u015fi nota minim\u0103 de promovare pentru o disciplin\u0103;<\/p><p style=\"text-align: justify;\">9. Suporturile utilizate pentru fiecare disciplin\u0103;<\/p><p style=\"text-align: justify;\">10. Orice alt document care s\u0103 vin\u0103 \u00een sprijinul dosarului;<\/p><p style=\"text-align: justify;\">11. Dovada achit\u0103rii taxei aferente analiz\u0103rii dosarului programului de master<\/p><\/div><\/section><\/div>\t\t\t\t\t\t\t<\/div>\n\t\t\t\t\t\t<div id=\"tab-cont-435841a89aa1e8b5e1a52a967d0eb145-2\"\n\t\t\t     class=\"tab-pane fade \">\n\t\t\t\t\n\t\t\t\t\t\t\t\t\t<p>Eviden\u021ba programelor de masterat pentru care exist\u0103 acorduri de colaborare \u00eencheiate cu CECCAR <a href=\"https:\/\/ceccar.ro\/ro\/wp-content\/uploads\/2022\/03\/Evidenta-protocoale-master-actualizat-2022.pdf\">https:\/\/ceccar.ro\/ro\/wp-content\/uploads\/2022\/03\/Evidenta-protocoale-master-actualizat-2022.pdf<\/a><\/p><p style=\"text-align: justify;\"><span class=\"tadv-color\">Eviden\u0163a protocoalelor de colaborare \u00eencheiate de CECCAR cu facult\u0103\u0163ile de profil, precum \u015fi eviden\u0163a disciplinelor echivalate \u015fi a condi\u0163iilor de medie \u015fi note poate fi consultat\u0103 la rubrica<\/span>\u00a0<strong><a href=\"https:\/\/ceccar.ro\/ro\/wp-content\/uploads\/2019\/09\/evidenta-protocoale-update-20.09.2019.pdf\" target=\"_blank\" rel=\"noopener\">Institu\u0163ii de \u00eenv\u0103\u0163\u0103m\u00e2nt superior care au \u00eencheiat cu CECCAR protocoale de colaborare<\/a><\/strong><span class=\"tadv-color\">.\u00a0 \u00a0 \u00a0 \u00a0 \u00a0 \u00a0 \u00a0 \u00a0 \u00a0 \u00a0 \u00a0 \u00a0 \u00a0 \u00a0 \u00a0 \u00a0 \u00a0 \u00a0 \u00a0 \u00a0 \u00a0 \u00a0 \u00a0 \u00a0 \u00a0 \u00a0 \u00a0 \u00a0 \u00a0 \u00a0 \u00a0 \u00a0 \u00a0 \u00a0 \u00a0 \u00a0 \u00a0 \u00a0 \u00a0 \u00a0 \u00a0 \u00a0 \u00a0 \u00a0 \u00a0 \u00a0 \u00a0 \u00a0 \u00a0 \u00a0 \u00a0 \u00a0 \u00a0 \u00a0 \u00a0 \u00a0 \u00a0 \u00a0 \u00a0 \u00a0 \u00a0 \u00a0 \u00a0 <\/span><a href=\"https:\/\/ceccarmaramures.ro\/ro\/wp-content\/uploads\/2018\/10\/EVIDENTA-PROGRAME-DE-MASTERAT-modificat-17.10.2018.pdf\"><span class=\"tadv-color\">Eviden\u0163a protocoalelor de colaborare \u00eencheiate de CECCAR cu facult\u0103\u0163ile de profil, precum \u015fi eviden\u0163a disciplinelor echivalate \u015fi a condi\u0163iilor de medie \u015fi note poate fi consultat\u0103 la rubrica<\/span>\u00a0<\/a><strong><a href=\"https:\/\/ceccar.ro\/ro\/wp-content\/uploads\/2019\/09\/evidenta-protocoale-update-20.09.2019.pdf\" target=\"_blank\" rel=\"noopener\">Institu\u0163ii de \u00eenv\u0103\u0163\u0103m\u00e2nt superior care au \u00eencheiat cu CECCAR protocoale de colaborare<\/a><\/strong><span class=\"tadv-color\">.<\/span>Eviden\u0163a programelor de masterat pentru care au fost \u00eencheiate cu CECCAR protocoale de \u00eenscriere direct\u0103 la stagiu \u00een vederea ob\u0163inerii calit\u0103\u0163ii de expert contabil<\/p>\t\t\t\t\t\t\t<\/div>\n\t\t\t\t\t\t<div id=\"tab-cont-435841a89aa1e8b5e1a52a967d0eb145-3\"\n\t\t\t     class=\"tab-pane fade \">\n\t\t\t\t\n\t\t\t\t\t\t\t\t\t<header><div style=\"text-align: justify;\" role=\"navigation\"><nav><div class=\"grid_24\"><div id=\"wrapper\"><div class=\"wrapper\"><div id=\"content1\" class=\"grid_24\"><h1>Echivalarea disciplinelor programelor de masterat cu disciplinele examenului de admitere, categoria expert contabil<\/h1><p>Detalii: <a href=\"https:\/\/ceccar.ro\/ro\/?page_id=996\">https:\/\/ceccar.ro\/ro\/?page_id=996\u00a0<\/a><\/p><p>\u00cen vederea \u00eenscrierii la stagiu, absolven\u0163ii programelor de masterat pentru care exist\u0103 acorduri de colaborare \u00eencheiate cu CECCAR au posibilitatea depunerii dosarelor de echivalare online sau \u00een cadrul filialelor de domiciliu, dup\u0103 cum urmeaz\u0103:<\/p><ul class=\"wp-block-list\"><li><strong>\u00een perioada 18 august\u20135 septembrie 2025<\/strong>;<\/li><\/ul><p class=\"has-text-align-center\">Eventualele examene prev\u0103zute de protocoale de colaborare \u0219i\/sau reglement\u0103rile \u00een vigoare se vor putea sus\u021bine \u00een cadrul\u00a0<strong>sesiunii 2-3 octombrie 2025<\/strong>;<\/p><ul class=\"wp-block-list\"><li>p\u00e2n\u0103 la data de\u00a0<strong>6 octombrie 2025.<\/strong><\/li><\/ul><p class=\"has-text-align-center\">Eventualele examene prev\u0103zute de protocoale de colaborare \u0219i\/sau reglement\u0103rile \u00een vigoare se vor putea sus\u021bine \u00een cadrul\u00a0<strong>sesiunii 20-21 noiembrie 2025.<\/strong><\/p><p class=\"has-text-align-center\"><em>*Stagiul CECCAR va \u00eencepe \u00een luna<strong>\u00a0ianuarie 2026<\/strong>.<\/em><\/p><p><strong>Con\u021binut dosar \u00eenscriere \u0219i condi\u021bii care trebuie \u00eendeplinite:<\/strong><br \/>Potrivit alin. 11 al art. 3 din O.G. nr. 65\/1994 republicat\u0103, cu modific\u0103rile \u015fi complet\u0103rile ulterioare, la cerere, se pot \u00eenscrie direct la stagiu absolven\u0163ii cursurilor de master, organizate de facult\u0103\u0163ile de profil, pe baza protocoalelor de echivalare a disciplinelor de la examenele de master cu cele de la examenul de admitere \u00een profesie, \u00eencheiate de universit\u0103\u0163i cu CECCAR.<\/p><p>\u00cen temeiul protocoalelor de colaborare \u00eencheiate de universit\u0103\u0163i cu CECCAR, absolven\u021bii programelor de masterat, au posibilitatea depunerii dosarului de \u00eenscriere direct\u0103 la stagiu,\u00a0<strong>\u00een termen de trei ani de la absolvire<\/strong>.\u00a0<em>Cererile de \u00eenscriere direct la stagiu depuse de absolven\u0163ii programului de studii universitare de master dup\u0103 termenul de trei ani de la absolvire, dar \u00eentr-un termen de maxim cinci ani vor fi supuse spre analiz\u0103 \u015fi hot\u0103r\u00e2re Consiliului Superior al CECCAR, \u00een baza unei declara\u021bii pe propria r\u0103spundere din partea absolven\u021bilor de masterat cu motivul pentru care nu s-au \u00eencadrat \u00een termenul de maxim 5 ani de la absolvire.<\/em><\/p><p>Eviden\u0163a protocoalelor de colaborare \u00eencheiate de CECCAR cu facult\u0103\u0163ile de profil, precum \u015fi eviden\u0163a disciplinelor echivalate \u015fi a condi\u0163iilor de medie \u015fi note poate fi consultat\u0103 la rubrica\u00a0<a title=\"\" href=\"https:\/\/ceccar.ro\/ro\/wp-content\/uploads\/2025\/03\/Evidenta-protocoale-master-actualizat-2025-1.pdf\" target=\"_blank\" rel=\"noopener\">Institu\u0163ii de \u00eenv\u0103\u0163\u0103m\u00e2nt superior care au \u00eencheiat cu CECCAR protocoale de colaborare<\/a>.<\/p><p>Concret, actele necesare \u00eenscrierii directe la stagiu, \u00een baza protocoalelor de echivalare a disciplinelor programelor de master cu disciplinele examenului de admitere la stagiu sunt:<\/p><p>a)\u00a0<a title=\"\" href=\"https:\/\/ceccar.ro\/ro\/wp-content\/uploads\/2025\/01\/Cererea-de-inscriere.pdf\" target=\"_blank\" rel=\"noopener\">cererea de \u00eenscriere (model Anex\u0103)<\/a>;<br \/>b) diploma de studii superioare economice, recunoscut\u0103 de Ministerul Educa\u0163iei (certificarea conformit\u0103\u021bii cu originalul)<br \/>c) diploma de absolvire a programului de master.\u00a0<em><strong>\u00cen situa\u0163ia \u00een care diploma nu a fost emis\u0103 de facultate se poate depune o adeverin\u0163\u0103 care s\u0103 ateste absolvirea programului de masterat), urm\u00e2nd ca dosarul s\u0103 fie completat ulterior cu diploma<\/strong><\/em>;<br \/>d) suplimentul diplomei de masterat.\u00a0<em><strong>\u00cen situa\u0163ia \u00een care suplimentul diplomei nu a fost emis se poate depune o situa\u0163ie scolar\u0103) cu eviden\u0163a notelor, urm\u00e2nd ca dosarul s\u0103 fie completat ulterior cu suplimentul diplomei de masterat<\/strong><\/em>;<br \/>e)\u00a0<strong>suplimentul diplomei de licen\u0163\u0103 document care se depune doar pentru programele de masterat \u00een care se face trimitere la notele ob\u0163inute \u00een timpul anilor de facultate<\/strong>;<br \/>f)\u00a0<strong>certificarea conformit\u0103\u021bii cu originalul a diplomelor depuse se face de c\u0103tre filial\u0103<\/strong>;<br \/>g) certificatul medical din care s\u0103 rezulte c\u0103 solicitantul are capacitatea de exerci\u0163iu deplin\u0103 (psihiatru\/psiholog);<br \/>h) certificat de cazier judiciar, valabil;<br \/>i) CV;<br \/>j) copie CI;<br \/>k) dovada achit\u0103rii taxei de \u00eenscriere la examen \u00een cuantum de 175 Euro (c\/v \u00een lei la cursul BNR din ziua pl\u0103\u021bii), tax\u0103 care va fi pl\u0103tit\u0103 \u00een contul filialei \u00een cadrul c\u0103reia se face \u00eenscrierea;<br \/>l)\u00a0<a href=\"https:\/\/ceccar.ro\/ro\/wp-content\/uploads\/2024\/08\/Acord-gdpr-2024.pdf\" target=\"_blank\" rel=\"noreferrer noopener\">acordul privind prelucrarea datelor cu caracter personal (model Anex\u0103)<\/a><\/p><p>Certificarea copiei pentru conformitate cu originalul pentru documentele prev\u0103zute la lit. b) \u2013 d) se realizeaz\u0103 de c\u0103tre personalul CECCAR.<\/p><p>Candidatul va prezenta la depunerea dosarului aceste documente \u00een original sau copie legalizat\u0103, iar dup\u0103 certificarea copiei pentru conformitate cu originalul, originalul sau copia legalizat\u0103 se returneaz\u0103 titularului.<\/p><p>\u00cen temeiul, Hot\u0103r\u00e2rii Consiliului superior al CECCAR nr. 18.437 din 10 februarie 2018, taxa de echivalare a examenului de admitere la stagiu, \u00een cuantum de 175 Euro (c\/v \u00een lei la cursul BNR din ziua pl\u0103\u0163ii) reprezint\u0103 taxa de analiz\u0103 a dosarului \u015fi de acoperire a cheltuielilor necesare organiz\u0103rii examenului de admitere, pentru eventualele discipline neacoperite. Prin urmare, taxa de echivalare nu va fi restituit\u0103 \u00een situa\u0163ia respingerii dosarului de echivalare, a solicit\u0103rii de retragere a dosarului de echivalare sau \u00een situa\u0163ia \u00een care candida\u0163ii au fost declara\u0163i respin\u015fi sau nu s-au prezentat la examenul de admitere la stagiu.<\/p><p>Absolven\u021bii programelor de masterat ale c\u0103ror dosare de echivalare a disciplinelor de masterat cu disciplinele examenului de admitere sunt respinse, dar doresc participarea la examenul de admitere la stagiu, beneficiaz\u0103 de \u00eenscrierea gratuit\u0103 la examenul de admitere la stagiu, pentru urm\u0103toarele dou\u0103 sesiuni ale examenului de admitere la stagiu, respectiv sesiunea ordinar\u0103 sau sesiunea extraordinar\u0103.<\/p><p>&nbsp;<\/p><\/div><\/div><\/div><\/div><\/nav><\/div><\/header><div id=\"main\"><div><section id=\"section-5c73fd6f43fc6\"><div><div><div id=\"column-4c63a7b29e95925d4f65e362f7303eb3\"><div><div><div><p>&nbsp;<\/p><\/div><\/div><\/div><\/div><\/div><\/div><\/section><\/div><\/div>\t\t\t\t\t\t\t<\/div>\n\t\t\t\t<\/div>\n<\/div><div class=\"fw-divider-space space-sm  clearfix\"  ><\/div>\t\t<\/div>\n\t<\/div>\n<\/div><\/div>\n\n\t<\/div>\n\t<\/section>\n","protected":false},"excerpt":{"rendered":"<p>Echivalarea examenului de acces la stagiu Con\u021binutul dosarului depus de facult\u0103\u021bile de profil Institu\u021biile de \u00eenv\u0103\u021b\u0103m\u00e2nt superior care au \u00eencheiat cu CECCAR protocoale de colaborare Con\u0163inutul dosarului de echivalare a examenului de admitere, categoria expert [&hellip;]<\/p>\n","protected":false},"author":1,"featured_media":0,"parent":288,"menu_order":0,"comment_status":"closed","ping_status":"closed","template":"visual-builder-template.php","meta":{"footnotes":""},"class_list":["post-294","page","type-page","status-publish","hentry"],"brizy_media":[],"_links":{"self":[{"href":"https:\/\/ceccarmaramures.ro\/ro\/wp-json\/wp\/v2\/pages\/294","targetHints":{"allow":["GET"]}}],"collection":[{"href":"https:\/\/ceccarmaramures.ro\/ro\/wp-json\/wp\/v2\/pages"}],"about":[{"href":"https:\/\/ceccarmaramures.ro\/ro\/wp-json\/wp\/v2\/types\/page"}],"author":[{"embeddable":true,"href":"https:\/\/ceccarmaramures.ro\/ro\/wp-json\/wp\/v2\/users\/1"}],"replies":[{"embeddable":true,"href":"https:\/\/ceccarmaramures.ro\/ro\/wp-json\/wp\/v2\/comments?post=294"}],"version-history":[{"count":52,"href":"https:\/\/ceccarmaramures.ro\/ro\/wp-json\/wp\/v2\/pages\/294\/revisions"}],"predecessor-version":[{"id":9274,"href":"https:\/\/ceccarmaramures.ro\/ro\/wp-json\/wp\/v2\/pages\/294\/revisions\/9274"}],"up":[{"embeddable":true,"href":"https:\/\/ceccarmaramures.ro\/ro\/wp-json\/wp\/v2\/pages\/288"}],"wp:attachment":[{"href":"https:\/\/ceccarmaramures.ro\/ro\/wp-json\/wp\/v2\/media?parent=294"}],"curies":[{"name":"wp","href":"https:\/\/api.w.org\/{rel}","templated":true}]}}